{"id":5,"date":"2022-01-14T14:28:54","date_gmt":"2022-01-14T14:28:54","guid":{"rendered":"https:\/\/www.psok.cz\/?page_id=5"},"modified":"2022-01-19T18:06:08","modified_gmt":"2022-01-19T18:06:08","slug":"vytvorte-si-svuj-web-s-bloky","status":"publish","type":"page","link":"https:\/\/www.psok.cz\/","title":{"rendered":""},"content":{"rendered":"\n<div class=\"wp-block-cover alignfull has-background-dim\"><img loading=\"lazy\" decoding=\"async\" width=\"2048\" height=\"2560\" class=\"wp-block-cover__image-background wp-image-30\" alt=\"\" src=\"https:\/\/www.psok.cz\/wp-content\/uploads\/2022\/01\/pexels-nick-wehrli-3609211-scaled.jpg\" data-object-fit=\"cover\" srcset=\"https:\/\/www.psok.cz\/wp-content\/uploads\/2022\/01\/pexels-nick-wehrli-3609211-scaled.jpg 2048w, https:\/\/www.psok.cz\/wp-content\/uploads\/2022\/01\/pexels-nick-wehrli-3609211-240x300.jpg 240w, https:\/\/www.psok.cz\/wp-content\/uploads\/2022\/01\/pexels-nick-wehrli-3609211-819x1024.jpg 819w, https:\/\/www.psok.cz\/wp-content\/uploads\/2022\/01\/pexels-nick-wehrli-3609211-768x960.jpg 768w, https:\/\/www.psok.cz\/wp-content\/uploads\/2022\/01\/pexels-nick-wehrli-3609211-1229x1536.jpg 1229w, https:\/\/www.psok.cz\/wp-content\/uploads\/2022\/01\/pexels-nick-wehrli-3609211-1638x2048.jpg 1638w, https:\/\/www.psok.cz\/wp-content\/uploads\/2022\/01\/pexels-nick-wehrli-3609211-1568x1960.jpg 1568w\" sizes=\"auto, (max-width: 2048px) 100vw, 2048px\" \/><div class=\"wp-block-cover__inner-container is-layout-flow wp-block-cover-is-layout-flow\">\n<h1 class=\"wp-block-heading\" style=\"line-height:1.5\"><strong>PSOK<\/strong> s.r.o.<\/h1>\n\n\n\n<p><strong>projek\u010dn\u00ed a statick\u00e1 kancel\u00e1\u0159<\/strong><\/p>\n\n\n\n<div class=\"wp-block-buttons is-layout-flex wp-block-buttons-is-layout-flex\"><\/div>\n\n\n\n<p><\/p>\n<\/div><\/div>\n\n\n\n<hr class=\"wp-block-separator\"\/>\n\n\n\n<p>V\u00edtejte na str\u00e1nk\u00e1ch spole\u010dnosti PSOK s.r.o. <\/p>\n\n\n\n<p>Nab\u00edz\u00edme slu\u017eby od projekce p\u0159es statiku a\u017e po vypracov\u00e1n\u00ed d\u00edlensk\u00e9 dokumentace v oblasti energetiky, pr\u016fmyslu a doprav\u011b.<\/p>\n\n\n\n<div class=\"wp-block-columns is-layout-flex wp-container-core-columns-is-layout-9d6595d7 wp-block-columns-is-layout-flex\">\n<div class=\"wp-block-column is-layout-flow wp-block-column-is-layout-flow\">\n<h3 class=\"wp-block-heading\">Energetika<\/h3>\n\n\n\n<div class=\"wp-block-image\"><figure class=\"aligncenter size-large\"><img loading=\"lazy\" decoding=\"async\" width=\"2000\" height=\"1127\" src=\"https:\/\/www.psok.cz\/wp-content\/uploads\/2022\/01\/pexels-madison-inouye-3736816-edited.jpg\" alt=\"\" class=\"wp-image-53\" srcset=\"https:\/\/www.psok.cz\/wp-content\/uploads\/2022\/01\/pexels-madison-inouye-3736816-edited.jpg 2000w, https:\/\/www.psok.cz\/wp-content\/uploads\/2022\/01\/pexels-madison-inouye-3736816-edited-300x169.jpg 300w, https:\/\/www.psok.cz\/wp-content\/uploads\/2022\/01\/pexels-madison-inouye-3736816-edited-1024x577.jpg 1024w, https:\/\/www.psok.cz\/wp-content\/uploads\/2022\/01\/pexels-madison-inouye-3736816-edited-768x433.jpg 768w, https:\/\/www.psok.cz\/wp-content\/uploads\/2022\/01\/pexels-madison-inouye-3736816-edited-1536x866.jpg 1536w, https:\/\/www.psok.cz\/wp-content\/uploads\/2022\/01\/pexels-madison-inouye-3736816-edited-1568x884.jpg 1568w\" sizes=\"auto, (max-width: 2000px) 100vw, 2000px\" \/><\/figure><\/div>\n\n\n\n<p>Um\u00edme navrhnout a spo\u010d\u00edtat nejen sto\u017e\u00e1r vysok\u00e9ho nap\u011bt\u00ed, ale i celou elektr\u00e1rnu.<\/p>\n<\/div>\n\n\n\n<div class=\"wp-block-column is-layout-flow wp-block-column-is-layout-flow\">\n<h3 class=\"wp-block-heading\"> Pr\u016fmysl<\/h3>\n\n\n\n<div class=\"wp-block-image\"><figure class=\"aligncenter size-large\"><img loading=\"lazy\" decoding=\"async\" width=\"2560\" height=\"1436\" src=\"https:\/\/www.psok.cz\/wp-content\/uploads\/2022\/01\/pexels-pixabay-159298-edited-scaled.jpg\" alt=\"\" class=\"wp-image-54\" srcset=\"https:\/\/www.psok.cz\/wp-content\/uploads\/2022\/01\/pexels-pixabay-159298-edited-scaled.jpg 2560w, https:\/\/www.psok.cz\/wp-content\/uploads\/2022\/01\/pexels-pixabay-159298-edited-300x168.jpg 300w, https:\/\/www.psok.cz\/wp-content\/uploads\/2022\/01\/pexels-pixabay-159298-edited-1024x574.jpg 1024w, https:\/\/www.psok.cz\/wp-content\/uploads\/2022\/01\/pexels-pixabay-159298-edited-768x431.jpg 768w, https:\/\/www.psok.cz\/wp-content\/uploads\/2022\/01\/pexels-pixabay-159298-edited-1536x862.jpg 1536w, https:\/\/www.psok.cz\/wp-content\/uploads\/2022\/01\/pexels-pixabay-159298-edited-2048x1149.jpg 2048w, https:\/\/www.psok.cz\/wp-content\/uploads\/2022\/01\/pexels-pixabay-159298-edited-1568x880.jpg 1568w\" sizes=\"auto, (max-width: 2560px) 100vw, 2560px\" \/><\/figure><\/div>\n\n\n\n<p>Spolupracujeme s \u0159adou renomovan\u00fdch firem v automotive a strojn\u00edm pr\u016fmyslu.<\/p>\n<\/div>\n\n\n\n<div class=\"wp-block-column is-layout-flow wp-block-column-is-layout-flow\">\n<h3 class=\"wp-block-heading\">Mosty<\/h3>\n\n\n\n<div class=\"wp-block-image\"><figure class=\"aligncenter size-large\"><img loading=\"lazy\" decoding=\"async\" width=\"1024\" height=\"576\" src=\"https:\/\/www.psok.cz\/wp-content\/uploads\/2022\/01\/pexels-pierre-blache-2389155-1024x576.jpg\" alt=\"\" class=\"wp-image-52\" srcset=\"https:\/\/www.psok.cz\/wp-content\/uploads\/2022\/01\/pexels-pierre-blache-2389155-1024x576.jpg 1024w, https:\/\/www.psok.cz\/wp-content\/uploads\/2022\/01\/pexels-pierre-blache-2389155-300x169.jpg 300w, https:\/\/www.psok.cz\/wp-content\/uploads\/2022\/01\/pexels-pierre-blache-2389155-768x432.jpg 768w, https:\/\/www.psok.cz\/wp-content\/uploads\/2022\/01\/pexels-pierre-blache-2389155-1536x864.jpg 1536w, https:\/\/www.psok.cz\/wp-content\/uploads\/2022\/01\/pexels-pierre-blache-2389155-2048x1152.jpg 2048w, https:\/\/www.psok.cz\/wp-content\/uploads\/2022\/01\/pexels-pierre-blache-2389155-1568x882.jpg 1568w\" sizes=\"auto, (max-width: 1024px) 100vw, 1024px\" \/><\/figure><\/div>\n\n\n\n<p>M\u00e1me zku\u0161enosti s n\u00e1vrhy a v\u00fdpo\u010dty mostn\u00edch objekt\u016f nejen u n\u00e1s, ale i v zahrani\u010d\u00ed. <\/p>\n<\/div>\n<\/div>\n\n\n\n<hr class=\"wp-block-separator is-style-default\"\/>\n\n\n\n<div class=\"wp-block-columns is-layout-flex wp-container-core-columns-is-layout-9d6595d7 wp-block-columns-is-layout-flex\">\n<div class=\"wp-block-column is-layout-flow wp-block-column-is-layout-flow\">\n<h3 class=\"wp-block-heading\">Projekce<\/h3>\n\n\n\n<ul class=\"wp-block-list\"><li>Projektov\u00e1 \u010dinnost<\/li><li>Koordinace staveb<\/li><\/ul>\n<\/div>\n\n\n\n<div class=\"wp-block-column is-layout-flow wp-block-column-is-layout-flow\">\n<h3 class=\"wp-block-heading\">Statika<\/h3>\n\n\n\n<ul class=\"wp-block-list\"><li>Statick\u00e9 posudky<\/li><li>Konzultace<\/li><\/ul>\n<\/div>\n\n\n\n<div class=\"wp-block-column is-layout-flow wp-block-column-is-layout-flow\">\n<h3 class=\"wp-block-heading\">Konstrukce<\/h3>\n\n\n\n<ul class=\"wp-block-list\"><li>N\u00e1vrh konstrukce <\/li><li>V\u00fdrobn\u00ed dokumentace<\/li><\/ul>\n<\/div>\n<\/div>\n\n\n\n<div class=\"wp-block-group alignfull has-primary-background-color has-background\"><div class=\"wp-block-group__inner-container is-layout-flow wp-block-group-is-layout-flow\">\n<div class=\"wp-block-columns is-layout-flex wp-container-core-columns-is-layout-9d6595d7 wp-block-columns-is-layout-flex\">\n<div class=\"wp-block-column is-layout-flow wp-block-column-is-layout-flow\">\n<h4 class=\"wp-block-heading\">Kontakt<\/h4>\n\n\n\n<p>e-mail: info@psok.cz<\/p>\n\n\n\n<p>tel.: 777 645 298<\/p>\n<\/div>\n\n\n\n<div class=\"wp-block-column is-layout-flow wp-block-column-is-layout-flow\"><\/div>\n\n\n\n<div class=\"wp-block-column is-layout-flow wp-block-column-is-layout-flow\">\n<h4 class=\"wp-block-heading\">Adresa<\/h4>\n\n\n\n<p>PSOK s.r.o.<\/p>\n\n\n\n<p>Letovick\u00e1 1411\/2<br>621 00 Brno<\/p>\n<\/div>\n<\/div>\n\n\n\n<p><\/p>\n<\/div><\/div>\n\n\n\n<p><\/p>\n","protected":false},"excerpt":{"rendered":"<p>V\u00edtejte na str\u00e1nk\u00e1ch spole\u010dnosti PSOK s.r.o. Nab\u00edz\u00edme slu\u017eby od projekce p\u0159es statiku a\u017e po vypracov\u00e1n\u00ed d\u00edlensk\u00e9 dokumentace v oblasti energetiky, pr\u016fmyslu a doprav\u011b. Energetika Um\u00edme navrhnout a spo\u010d\u00edtat nejen sto\u017e\u00e1r vysok\u00e9ho nap\u011bt\u00ed, ale i celou elektr\u00e1rnu. Pr\u016fmysl Spolupracujeme s \u0159adou renomovan\u00fdch firem v automotive a strojn\u00edm pr\u016fmyslu. Mosty M\u00e1me zku\u0161enosti s n\u00e1vrhy a v\u00fdpo\u010dty mostn\u00edch<a class=\"more-link\" href=\"https:\/\/www.psok.cz\/\">Pokra\u010dovat ve \u010dten\u00ed <\/a><\/p>\n","protected":false},"author":1,"featured_media":0,"parent":0,"menu_order":0,"comment_status":"closed","ping_status":"closed","template":"","meta":{"footnotes":""},"class_list":["post-5","page","type-page","status-publish","hentry","entry"],"_links":{"self":[{"href":"https:\/\/www.psok.cz\/index.php?rest_route=\/wp\/v2\/pages\/5","targetHints":{"allow":["GET"]}}],"collection":[{"href":"https:\/\/www.psok.cz\/index.php?rest_route=\/wp\/v2\/pages"}],"about":[{"href":"https:\/\/www.psok.cz\/index.php?rest_route=\/wp\/v2\/types\/page"}],"author":[{"embeddable":true,"href":"https:\/\/www.psok.cz\/index.php?rest_route=\/wp\/v2\/users\/1"}],"replies":[{"embeddable":true,"href":"https:\/\/www.psok.cz\/index.php?rest_route=%2Fwp%2Fv2%2Fcomments&post=5"}],"version-history":[{"count":32,"href":"https:\/\/www.psok.cz\/index.php?rest_route=\/wp\/v2\/pages\/5\/revisions"}],"predecessor-version":[{"id":82,"href":"https:\/\/www.psok.cz\/index.php?rest_route=\/wp\/v2\/pages\/5\/revisions\/82"}],"wp:attachment":[{"href":"https:\/\/www.psok.cz\/index.php?rest_route=%2Fwp%2Fv2%2Fmedia&parent=5"}],"curies":[{"name":"wp","href":"https:\/\/api.w.org\/{rel}","templated":true}]}}